{"id":250,"date":"2025-03-03T19:55:17","date_gmt":"2025-03-03T19:55:17","guid":{"rendered":"https:\/\/molocacoffeebrunch.com\/?page_id=250"},"modified":"2025-05-27T08:28:32","modified_gmt":"2025-05-27T08:28:32","slug":"about-us","status":"publish","type":"page","link":"https:\/\/molocacoffeebrunch.com\/es\/about-us\/","title":{"rendered":"Sobre nosotros"},"content":{"rendered":"<div class=\"wpb-content-wrapper\"><section data-vc-parallax=\"1.5\" data-vc-parallax-image=\"https:\/\/molocacoffeebrunch.com\/wp-content\/uploads\/2025\/05\/moloca-260425-28-scaled.jpg\" class=\"vc_section page-top-section-b-pos position-relative overflow-hidden py-0 vc_section-has-fill vc_general vc_parallax vc_parallax-content-moving\"><div class=\"vc_row wpb_row row top-row full-section-overlay vc_custom_1741096005897 vc_row-has-fill wpb_custom_034b39d9bc6c6b310d69e39f0ccf274f\"><div class=\"vc_column_container col-md-12\"><div class=\"wpb_wrapper vc_column-inner\"><\/div><\/div><\/div><div class=\"vc_row wpb_row row top-row wpb_custom_034b39d9bc6c6b310d69e39f0ccf274f\"><div class=\"vc_column_container col-md-12\"><div class=\"wpb_wrapper vc_column-inner\"><div class=\"vc_empty_space  d-none d-md-block\"   style=\"height: 190px\"><span class=\"vc_empty_space_inner\"><\/span><\/div><div class=\"vc_empty_space  d-md-none\"   style=\"height: 130px\"><span class=\"vc_empty_space_inner\"><\/span><\/div><\/div><\/div><\/div><div class=\"vc_row wpb_row row top-row wpb_custom_034b39d9bc6c6b310d69e39f0ccf274f\"><div class=\"vc_column_container col-md-12\"><div class=\"wpb_wrapper vc_column-inner\"><h1 style=\"color: var(--porto-light-color);text-align: center\" class=\"vc_custom_heading vc_do_custom_heading max-width-750 mx-md-auto mb-3 wpb_custom_aa365bd5046e8294520b4e73732b9d15\" >Un Sabor de Pasi\u00f3n,<br \/>\nUn Espacio para la Conexi\u00f3n<\/h1><p style=\"color: var(--porto-primary-light-5);text-align: center\" class=\"vc_custom_heading vc_do_custom_heading max-width-800 mx-auto wpb_custom_aa365bd5046e8294520b4e73732b9d15\" >Moloca no es solo un caf\u00e9, es una sensaci\u00f3n. Es el aroma del caf\u00e9 reci\u00e9n hecho que te recibe al entrar, la calidez reconfortante de un brunch perfectamente servido y la risa de amigos que se quedan disfrutando del \u00faltimo sorbo. Es el lugar donde los sabores cuentan historias y cada visita se siente como en casa.<\/p><\/div><\/div><\/div><div class=\"vc_row wpb_row row top-row wpb_custom_034b39d9bc6c6b310d69e39f0ccf274f\"><div class=\"vc_column_container col-md-12\"><div class=\"wpb_wrapper vc_column-inner\"><div class=\"vc_empty_space  d-none d-md-block\"   style=\"height: 50px\"><span class=\"vc_empty_space_inner\"><\/span><\/div><div class=\"vc_empty_space  d-md-none\"   style=\"height: 40px\"><span class=\"vc_empty_space_inner\"><\/span><\/div><\/div><\/div><\/div><\/section><section class=\"vc_section py-4 py-md-5\"><div class=\"vc_row wpb_row top-row mb-4 porto-inner-container wpb_custom_034b39d9bc6c6b310d69e39f0ccf274f\"><div class=\"porto-wrap-container container\"><div class=\"row align-items-end\"><div class=\"vc_column_container col-md-4\"><div class=\"wpb_wrapper vc_column-inner\"><h2  class=\"vc_custom_heading vc_do_custom_heading mb-3 mb-md-0 wpb_custom_aa365bd5046e8294520b4e73732b9d15 align-left\" >Nacido del Amor por la Buena Comida y la Excelente Compa\u00f1\u00eda<\/h2><\/div><\/div><div class=\"vc_column_container col-md-4\"><div class=\"wpb_wrapper vc_column-inner\">\r\n\t<div class=\"wpb_single_image wpb_content_element vc_align_center wpb_content_element   about-us-main-icon max-width-150 mb-3 mb-md-0 mx-auto wpb_custom_81a4f7ef9830bf958462581aa01150fb\"><div class=\"wpb_wrapper\">\r\n\t\t\t\r\n\t\t\t<div class=\"vc_single_image-wrapper   vc_box_border_grey\"><img decoding=\"async\" width=\"1652\" height=\"1229\" src=\"https:\/\/molocacoffeebrunch.com\/wp-content\/uploads\/2025\/03\/Asset-1@4x.png\" class=\"vc_single_image-img attachment-full\" alt=\"\" title=\"Asset 1@4x\" srcset=\"https:\/\/molocacoffeebrunch.com\/wp-content\/uploads\/2025\/03\/Asset-1@4x.png 1652w, https:\/\/molocacoffeebrunch.com\/wp-content\/uploads\/2025\/03\/Asset-1@4x-1200x893.png 1200w, https:\/\/molocacoffeebrunch.com\/wp-content\/uploads\/2025\/03\/Asset-1@4x-1500x1116.png 1500w, https:\/\/molocacoffeebrunch.com\/wp-content\/uploads\/2025\/03\/Asset-1@4x-768x571.png 768w, https:\/\/molocacoffeebrunch.com\/wp-content\/uploads\/2025\/03\/Asset-1@4x-1536x1143.png 1536w, https:\/\/molocacoffeebrunch.com\/wp-content\/uploads\/2025\/03\/Asset-1@4x-640x476.png 640w, https:\/\/molocacoffeebrunch.com\/wp-content\/uploads\/2025\/03\/Asset-1@4x-400x298.png 400w\" sizes=\"(max-width: 1652px) 100vw, 1652px\" \/><\/div>\r\n\t\t<\/div>\r\n\t<\/div>\r\n<\/div><\/div><div class=\"vc_column_container col-md-4\"><div class=\"wpb_wrapper vc_column-inner\"><p style=\"color: var(--porto-secondary-color)\" class=\"vc_custom_heading vc_do_custom_heading mb-4 mb-md-0 wpb_custom_aa365bd5046e8294520b4e73732b9d15 align-left\" >Lo que comenz\u00f3 como un sue\u00f1o se convirti\u00f3 en realidad: un lugar donde amantes de la comida, entusiastas del caf\u00e9 y buscadores de comunidad se unen. En Moloca, creemos que una comida es m\u00e1s que solo alimento; es una experiencia para saborear, compartir y recordar.<\/p><\/div><\/div><\/div><\/div><\/div><div class=\"vc_row wpb_row top-row porto-inner-container wpb_custom_034b39d9bc6c6b310d69e39f0ccf274f\"><div class=\"porto-wrap-container container\"><div class=\"row\"><div class=\"vc_column_container col-md-12\"><div class=\"wpb_wrapper vc_column-inner\"><div class=\"porto-ultimate-content-box-container aboutus-lgthover u-box-padding-md h-100\"><div class=\"porto-ultimate-content-box has-content-pos justify-content-center porto_ucb_e35a9346cd70594d63c013acc42ebe9d\" style=\"background-image:url(&#039;https:\/\/molocacoffeebrunch.com\/wp-content\/uploads\/2025\/05\/moloca-260425-60-scaled.jpg&#039;);background-size: cover;background-repeat: no-repeat;background-position: center;background-color: rgba(0, 0, 0, 0);min-height:500px;\"><div class=\"porto-animation about-tblg mt-auto mb-0\" ><p style=\"font-size: 18px;color: var(--porto-tertiary-color)\" class=\"vc_custom_heading vc_do_custom_heading mb-2 wpb_custom_aa365bd5046e8294520b4e73732b9d15 align-left\" >Un lugar que se siente como en casa.<\/p><h6 style=\"font-size: 19px;color: var(--porto-secondary-color);font-weight:300\" class=\"vc_custom_heading vc_do_custom_heading wpb_custom_34a6bfc529ce59fc507712a9fc74913f align-left\" >Moloca no se trata solo de buen caf\u00e9 y comida, sino de las personas, el ambiente y esos peque\u00f1os momentos que hacen que cada visita sea especial. Ya sea que venga por un espresso r\u00e1pido o un brunch largo con amigos, siempre me voy sinti\u00e9ndome renovado y bienvenido.<\/h6><p style=\"font-size: 14px;color: var(--porto-quaternary-color);font-weight:400\" class=\"vc_custom_heading vc_do_custom_heading mb-0 wpb_custom_aa365bd5046e8294520b4e73732b9d15 align-left\" >\u2014 Alex W.<\/p><\/div><\/div><\/div><\/div><\/div><\/div><\/div><\/div><\/section><section class=\"vc_section py-4 py-md-5\"><div class=\"vc_row wpb_row top-row porto-inner-container wpb_custom_034b39d9bc6c6b310d69e39f0ccf274f\"><div class=\"porto-wrap-container container\"><div class=\"row\"><div class=\"vc_column_container col-md-12\"><div class=\"wpb_wrapper vc_column-inner\"><div class=\"porto-just-icon-wrapper porto-icon none porto-icon-pos-center mb-4\" style=\"color:var(--porto-primary-color);font-size:50px;\"><i class=\"Simple-Line-Icons-badge\"><\/i><\/div><h2 style=\"text-align: center\" class=\"vc_custom_heading vc_do_custom_heading mb-3 max-width-500 mx-auto wpb_custom_aa365bd5046e8294520b4e73732b9d15\" >Nuestro Compromiso con la Sostenibilidad<\/h2><p style=\"text-align: center\" class=\"vc_custom_heading vc_do_custom_heading max-width-800 mx-md-auto mb-4 mb-md-5 wpb_custom_aa365bd5046e8294520b4e73732b9d15\" >En Moloca Coffee &amp; Brunch, la sostenibilidad no es solo una tendencia, sino una responsabilidad. Creemos que la buena comida y el caf\u00e9 no deben ser a costa del planeta. Por eso, tomamos medidas conscientes para reducir nuestro impacto mientras apoyamos pr\u00e1cticas \u00e9ticas y ecol\u00f3gicas.<\/p><\/div><\/div><\/div><\/div><\/div><div class=\"vc_row wpb_row top-row porto-inner-container wpb_custom_034b39d9bc6c6b310d69e39f0ccf274f\"><div class=\"porto-wrap-container container\"><div class=\"row\"><div class=\"vc_column_container col-md-4\"><div class=\"wpb_wrapper vc_column-inner\"><div class=\"porto-ultimate-content-box-container u-box-padding-sm h-100 mb-3 mb-md-0\"><div class=\"porto-ultimate-content-box has-content-pos justify-content-center porto_ucb_e35a9346cd70594d63c013acc42ebe9d\" style=\"background-image:url(&#039;https:\/\/molocacoffeebrunch.com\/wp-content\/uploads\/2025\/05\/moloca-260425-46-scaled.jpg&#039;);background-size: cover;background-repeat: repeat;background-position: center center;background-color: rgba(0, 0, 0, 0);min-height:500px;\"><div class=\"porto-sicon-box mt-auto sustenability-box-text-content mb-0  wpb_custom_2239e021e737f14f7881333ede720626 style_1 top-icon\"><div class=\"porto-sicon-header\" style=\"margin-bottom:0px;\"><h6 class=\"porto-sicon-title\" style=\"color:var(--porto-tertiary-color);margin-top:0px;margin-bottom:15px;\">De Origen Local y Elegidos con Cuidado<\/h6><p style=\"color:var(--porto-secondary-color);\">Trabajamos en estrecha colaboraci\u00f3n con agricultores y proveedores locales para garantizar que nuestros ingredientes sean frescos, de alta calidad y producidos de manera sostenible. Al priorizar ingredientes de temporada y org\u00e1nicos, no solo reducimos nuestra huella de carbono, sino que tambi\u00e9n apoyamos a peque\u00f1os negocios dentro de nuestra comunidad.<\/p><\/div> <!-- header --><\/div><!-- porto-sicon-box --><\/div><\/div><\/div><\/div><div class=\"vc_column_container col-md-4\"><div class=\"wpb_wrapper vc_column-inner\"><div class=\"porto-ultimate-content-box-container u-box-padding-sm h-100 mb-3 mb-md-0\"><div class=\"porto-ultimate-content-box has-content-pos justify-content-center porto_ucb_e35a9346cd70594d63c013acc42ebe9d\" style=\"background-image:url(&#039;https:\/\/molocacoffeebrunch.com\/wp-content\/uploads\/2025\/05\/moloca-260425-4-scaled.jpg&#039;);background-size: cover;background-repeat: repeat;background-position: center center;background-color: rgba(0, 0, 0, 0);min-height:500px;\"><div class=\"porto-sicon-box mt-auto sustenability-box-text-content mb-0  wpb_custom_2239e021e737f14f7881333ede720626 style_1 top-icon\"><div class=\"porto-sicon-header\" style=\"margin-bottom:0px;\"><h6 class=\"porto-sicon-title\" style=\"color:var(--porto-tertiary-color);margin-top:0px;margin-bottom:15px;\">Pr\u00e1cticas Ecol\u00f3gicas<\/h6><p style=\"color:var(--porto-secondary-color);\">Desde empaques compostables y materiales reutilizables hasta la reducci\u00f3n del desperdicio de alimentos en nuestra cocina, siempre buscamos maneras de ser m\u00e1s responsables con el medio ambiente. Nuestros vasos, cubiertos y servilletas para llevar son biodegradables, y animamos a los clientes a traer sus propios vasos reutilizables.<\/p><\/div> <!-- header --><\/div><!-- porto-sicon-box --><\/div><\/div><\/div><\/div><div class=\"vc_column_container col-md-4\"><div class=\"wpb_wrapper vc_column-inner\"><div class=\"porto-ultimate-content-box-container u-box-padding-sm h-100 mb-3 mb-md-0\"><div class=\"porto-ultimate-content-box has-content-pos justify-content-center porto_ucb_e35a9346cd70594d63c013acc42ebe9d\" style=\"background-image:url(&#039;https:\/\/molocacoffeebrunch.com\/wp-content\/uploads\/2025\/05\/moloca-260425-56-scaled.jpg&#039;);background-size: cover;background-repeat: repeat;background-position: center center;background-color: rgba(0, 0, 0, 0);min-height:500px;\"><div class=\"porto-sicon-box mt-auto sustenability-box-text-content mb-0  wpb_custom_2239e021e737f14f7881333ede720626 style_1 top-icon\"><div class=\"porto-sicon-header\" style=\"margin-bottom:0px;\"><h6 class=\"porto-sicon-title\" style=\"color:var(--porto-tertiary-color);margin-top:0px;margin-bottom:15px;\">Caf\u00e9 \u00c9tico, Futuro Mejor<\/h6><p style=\"color:var(--porto-secondary-color);\">Nuestro caf\u00e9 proviene de fincas de comercio justo, asegurando que los agricultores que cultivan nuestros granos reciban un pago justo y trabajen en condiciones \u00e9ticas. Nos asociamos con tostadores de caf\u00e9 sostenibles que priorizan el cuidado del medio ambiente, lo que significa que cada taza que disfrutas en Moloca apoya una industria del caf\u00e9 m\u00e1s sostenible.<\/p><\/div> <!-- header --><\/div><!-- porto-sicon-box --><\/div><\/div><\/div><\/div><\/div><\/div><\/div><\/section><section class=\"vc_section py-4 py-md-5 overflow-hidden\"><div class=\"vc_row wpb_row row top-row wpb_custom_034b39d9bc6c6b310d69e39f0ccf274f\"><div class=\"vc_column_container col-md-12\"><div class=\"wpb_wrapper vc_column-inner\">\r\n\t<div class=\"wpb_single_image wpb_content_element vc_align_left wpb_content_element   chef-background-about-us mb-0 wpb_custom_81a4f7ef9830bf958462581aa01150fb\"><div class=\"wpb_wrapper\">\r\n\t\t\t\r\n\t\t\t<div class=\"vc_single_image-wrapper   vc_box_border_grey\"><img decoding=\"async\" width=\"2341\" height=\"2501\" src=\"https:\/\/molocacoffeebrunch.com\/wp-content\/uploads\/2025\/03\/mlk-shape@4x.png\" class=\"vc_single_image-img attachment-full\" alt=\"\" title=\"mlk-shape@4x\" srcset=\"https:\/\/molocacoffeebrunch.com\/wp-content\/uploads\/2025\/03\/mlk-shape@4x.png 2341w, https:\/\/molocacoffeebrunch.com\/wp-content\/uploads\/2025\/03\/mlk-shape@4x-1123x1200.png 1123w, https:\/\/molocacoffeebrunch.com\/wp-content\/uploads\/2025\/03\/mlk-shape@4x-1404x1500.png 1404w, https:\/\/molocacoffeebrunch.com\/wp-content\/uploads\/2025\/03\/mlk-shape@4x-768x820.png 768w, https:\/\/molocacoffeebrunch.com\/wp-content\/uploads\/2025\/03\/mlk-shape@4x-1438x1536.png 1438w, https:\/\/molocacoffeebrunch.com\/wp-content\/uploads\/2025\/03\/mlk-shape@4x-1917x2048.png 1917w, https:\/\/molocacoffeebrunch.com\/wp-content\/uploads\/2025\/03\/mlk-shape@4x-640x684.png 640w, https:\/\/molocacoffeebrunch.com\/wp-content\/uploads\/2025\/03\/mlk-shape@4x-400x427.png 400w\" sizes=\"(max-width: 2341px) 100vw, 2341px\" \/><\/div>\r\n\t\t<\/div>\r\n\t<\/div>\r\n<\/div><\/div><\/div><div class=\"vc_row wpb_row top-row porto-inner-container wpb_custom_034b39d9bc6c6b310d69e39f0ccf274f\"><div class=\"porto-wrap-container container\"><div class=\"row align-items-end\"><div class=\"order-2 order-md-1 vc_column_container col-md-7\"><div class=\"wpb_wrapper vc_column-inner\"><h2  class=\"vc_custom_heading vc_do_custom_heading mb-3 wpb_custom_aa365bd5046e8294520b4e73732b9d15 align-left\" >De Nuestro Chef<\/h2><h6 style=\"font-weight:200\" class=\"vc_custom_heading vc_do_custom_heading mb-4 wpb_custom_aa365bd5046e8294520b4e73732b9d15 align-left\" >Cocinar es m\u00e1s que un arte, es una forma de unir a las personas. En Moloca, no solo preparamos comidas; creamos experiencias. Cada plato cuenta una historia, hecho con pasi\u00f3n, ingredientes frescos y un toque de creatividad. Nuestro objetivo es simple: hacer que cada bocado sea memorable y cada visita especial.<\/h6><p style=\"font-size: 14px;color: var(--porto-primary-color);font-weight:400\" class=\"vc_custom_heading vc_do_custom_heading mb-3 mb-md-5 wpb_custom_aa365bd5046e8294520b4e73732b9d15 align-left\" >\u2014 Chef Marco, Chef Principal en Moloca Coffee &amp; Brunch<\/p><\/div><\/div><div class=\"order-1 order-md-2 vc_column_container col-md-5\"><div class=\"wpb_wrapper vc_column-inner\">\r\n\t<div class=\"wpb_single_image wpb_content_element vc_align_left wpb_content_element   ml-auto mb-3 mb-md-0 wpb_custom_81a4f7ef9830bf958462581aa01150fb\"><div class=\"wpb_wrapper\">\r\n\t\t\t\r\n\t\t\t<div class=\"vc_single_image-wrapper   vc_box_border_grey\"><img decoding=\"async\" width=\"1225\" height=\"1414\" src=\"https:\/\/molocacoffeebrunch.com\/wp-content\/uploads\/2025\/03\/Moloca-Coffee-Brunch-Chef.png\" class=\"vc_single_image-img attachment-full\" alt=\"\" title=\"Moloca-Coffee-Brunch Chef\" srcset=\"https:\/\/molocacoffeebrunch.com\/wp-content\/uploads\/2025\/03\/Moloca-Coffee-Brunch-Chef.png 1225w, https:\/\/molocacoffeebrunch.com\/wp-content\/uploads\/2025\/03\/Moloca-Coffee-Brunch-Chef-1040x1200.png 1040w, https:\/\/molocacoffeebrunch.com\/wp-content\/uploads\/2025\/03\/Moloca-Coffee-Brunch-Chef-768x886.png 768w, https:\/\/molocacoffeebrunch.com\/wp-content\/uploads\/2025\/03\/Moloca-Coffee-Brunch-Chef-640x739.png 640w, https:\/\/molocacoffeebrunch.com\/wp-content\/uploads\/2025\/03\/Moloca-Coffee-Brunch-Chef-400x462.png 400w\" sizes=\"(max-width: 1225px) 100vw, 1225px\" \/><\/div>\r\n\t\t<\/div>\r\n\t<\/div>\r\n<\/div><\/div><\/div><\/div><\/div><div class=\"vc_row wpb_row top-row porto-inner-container wpb_custom_034b39d9bc6c6b310d69e39f0ccf274f\"><div class=\"porto-wrap-container container\"><div class=\"row\"><div class=\"vc_column_container col-md-12\"><div class=\"wpb_wrapper vc_column-inner\"><div class=\"porto-separator   mt-0 mb-1\"><hr class=\"separator-line  wpb_content_element align_center solid\" style=\"background-color:var(--porto-primary-color);\"><\/div><\/div><\/div><\/div><\/div><\/div><\/section>\n<\/div>","protected":false},"excerpt":{"rendered":"A Taste of Passion, A Space for ConnectionMoloca isn\u2019t just a caf\u00e9\u2014it\u2019s a feeling. It\u2019s the aroma of freshly brewed coffee greeting you at the door, the comforting warmth of a perfectly plated brunch, and the laughter of friends lingering over one last sip. It\u2019s where flavors tell stories, and every visit feels like home.Born [...]","protected":false},"author":1,"featured_media":0,"parent":0,"menu_order":0,"comment_status":"closed","ping_status":"closed","template":"","meta":{"footnotes":""},"class_list":["post-250","page","type-page","status-publish","hentry"],"_links":{"self":[{"href":"https:\/\/molocacoffeebrunch.com\/es\/wp-json\/wp\/v2\/pages\/250","targetHints":{"allow":["GET"]}}],"collection":[{"href":"https:\/\/molocacoffeebrunch.com\/es\/wp-json\/wp\/v2\/pages"}],"about":[{"href":"https:\/\/molocacoffeebrunch.com\/es\/wp-json\/wp\/v2\/types\/page"}],"author":[{"embeddable":true,"href":"https:\/\/molocacoffeebrunch.com\/es\/wp-json\/wp\/v2\/users\/1"}],"replies":[{"embeddable":true,"href":"https:\/\/molocacoffeebrunch.com\/es\/wp-json\/wp\/v2\/comments?post=250"}],"version-history":[{"count":63,"href":"https:\/\/molocacoffeebrunch.com\/es\/wp-json\/wp\/v2\/pages\/250\/revisions"}],"predecessor-version":[{"id":622,"href":"https:\/\/molocacoffeebrunch.com\/es\/wp-json\/wp\/v2\/pages\/250\/revisions\/622"}],"wp:attachment":[{"href":"https:\/\/molocacoffeebrunch.com\/es\/wp-json\/wp\/v2\/media?parent=250"}],"curies":[{"name":"wp","href":"https:\/\/api.w.org\/{rel}","templated":true}]}}