{"id":387,"date":"2025-03-04T13:43:15","date_gmt":"2025-03-04T13:43:15","guid":{"rendered":"https:\/\/molocacoffeebrunch.com\/?page_id=387"},"modified":"2025-06-27T14:59:16","modified_gmt":"2025-06-27T14:59:16","slug":"contact","status":"publish","type":"page","link":"https:\/\/molocacoffeebrunch.com\/es\/contact\/","title":{"rendered":"Contacto"},"content":{"rendered":"<div class=\"wpb-content-wrapper\"><section data-vc-parallax=\"1.5\" data-vc-parallax-image=\"https:\/\/molocacoffeebrunch.com\/wp-content\/uploads\/2025\/05\/moloca-260425-39-scaled.jpg\" class=\"vc_section page-top-section-b-pos position-relative overflow-hidden py-0 vc_section-has-fill vc_general vc_parallax vc_parallax-content-moving\"><div class=\"vc_row wpb_row row top-row full-section-overlay vc_custom_1741095929085 vc_row-has-fill wpb_custom_034b39d9bc6c6b310d69e39f0ccf274f\"><div class=\"vc_column_container col-md-12\"><div class=\"wpb_wrapper vc_column-inner\"><\/div><\/div><\/div><div class=\"vc_row wpb_row row top-row wpb_custom_034b39d9bc6c6b310d69e39f0ccf274f\"><div class=\"vc_column_container col-md-12\"><div class=\"wpb_wrapper vc_column-inner\"><div class=\"vc_empty_space  d-none d-md-block\"   style=\"height: 190px\"><span class=\"vc_empty_space_inner\"><\/span><\/div><div class=\"vc_empty_space  d-md-none\"   style=\"height: 130px\"><span class=\"vc_empty_space_inner\"><\/span><\/div><\/div><\/div><\/div><div class=\"vc_row wpb_row row top-row wpb_custom_034b39d9bc6c6b310d69e39f0ccf274f\"><div class=\"vc_column_container col-md-12\"><div class=\"wpb_wrapper vc_column-inner\"><h1 style=\"color: var(--porto-light-color);text-align: center\" class=\"vc_custom_heading vc_do_custom_heading max-width-600 mx-md-auto mb-3 wpb_custom_aa365bd5046e8294520b4e73732b9d15\" >Contacto con Moloca Coffee &amp; Brunch<\/h1><p style=\"color: var(--porto-primary-light-5);text-align: center\" class=\"vc_custom_heading vc_do_custom_heading max-width-500 mx-auto wpb_custom_aa365bd5046e8294520b4e73732b9d15\" >We\u2019d love to hear from you! Whether you have a question just feel like saying hello, our team is here to help.<\/p><\/div><\/div><\/div><div class=\"vc_row wpb_row row top-row wpb_custom_034b39d9bc6c6b310d69e39f0ccf274f\"><div class=\"vc_column_container col-md-12\"><div class=\"wpb_wrapper vc_column-inner\"><div class=\"vc_empty_space  d-none d-md-block\"   style=\"height: 50px\"><span class=\"vc_empty_space_inner\"><\/span><\/div><div class=\"vc_empty_space  d-md-none\"   style=\"height: 40px\"><span class=\"vc_empty_space_inner\"><\/span><\/div><\/div><\/div><\/div><\/section><section class=\"vc_section py-4 py-md-5\"><div class=\"vc_row wpb_row top-row porto-inner-container wpb_custom_034b39d9bc6c6b310d69e39f0ccf274f\"><div class=\"porto-wrap-container container\"><div class=\"row\"><div class=\"vc_column_container col-md-6\"><div class=\"wpb_wrapper vc_column-inner\"><div class=\"porto-ultimate-content-box-container u-box-padding-md\"><div class=\"porto-ultimate-content-box porto_ucb_e35a9346cd70594d63c013acc42ebe9d\" style=\"background-color:#ffffff;\" data-bg=\"#ffffff\"><h2  class=\"vc_custom_heading vc_do_custom_heading mb-2 wpb_custom_aa365bd5046e8294520b4e73732b9d15 align-left\" >Cont\u00e1ctanos<\/h2><h6  class=\"vc_custom_heading vc_do_custom_heading mb-0 wpb_custom_aa365bd5046e8294520b4e73732b9d15 align-left\" >Env\u00edanos un mensaje r\u00e1pido usando el formulario de abajo.<\/h6><div class=\"porto-separator   my-4\"><hr class=\"separator-line  wpb_content_element align_center solid\" style=\"background-color:#e8e8e8;\"><\/div>\n<div class=\"wpcf7 no-js\" id=\"wpcf7-f12-o1\" lang=\"en-US\" dir=\"ltr\" data-wpcf7-id=\"12\">\n<div class=\"screen-reader-response\"><p role=\"status\" aria-live=\"polite\" aria-atomic=\"true\"><\/p> <ul><\/ul><\/div>\n<form action=\"\/es\/wp-json\/wp\/v2\/pages\/387#wpcf7-f12-o1\" method=\"post\" class=\"wpcf7-form init\" aria-label=\"Contact form\" novalidate=\"novalidate\" data-status=\"init\" data-trp-original-action=\"\/es\/wp-json\/wp\/v2\/pages\/387#wpcf7-f12-o1\">\n<fieldset class=\"hidden-fields-container\"><input type=\"hidden\" name=\"_wpcf7\" value=\"12\" \/><input type=\"hidden\" name=\"_wpcf7_version\" value=\"6.1.1\" \/><input type=\"hidden\" name=\"_wpcf7_locale\" value=\"en_US\" \/><input type=\"hidden\" name=\"_wpcf7_unit_tag\" value=\"wpcf7-f12-o1\" \/><input type=\"hidden\" name=\"_wpcf7_container_post\" value=\"0\" \/><input type=\"hidden\" name=\"_wpcf7_posted_data_hash\" value=\"\" \/><input type=\"hidden\" name=\"_wpcf7_recaptcha_response\" value=\"\" \/>\n<\/fieldset>\n<p class=\"form-row form-row-wide px-1 flex-column\">\n<label>Su nombre<\/label><span class=\"wpcf7-form-control-wrap\" data-name=\"your-name\"><input size=\"40\" maxlength=\"400\" class=\"wpcf7-form-control wpcf7-text wpcf7-validates-as-required\" autocomplete=\"name\" aria-required=\"true\" aria-invalid=\"false\" value=\"\" type=\"text\" name=\"your-name\" \/><\/span>\n<\/p>\n<p class=\"form-row form-row-wide px-1 flex-column\">\n<label>Tu correo electr\u00f3nico<\/label><span class=\"wpcf7-form-control-wrap\" data-name=\"your-email\"><input size=\"40\" maxlength=\"400\" class=\"wpcf7-form-control wpcf7-email wpcf7-validates-as-required wpcf7-text wpcf7-validates-as-email\" autocomplete=\"email\" aria-required=\"true\" aria-invalid=\"false\" value=\"\" type=\"email\" name=\"your-email\" \/><\/span>\n<\/p>\n<p class=\"form-row form-row-wide px-1 flex-column\">\n<label>Tel\u00e9fono<\/label><span class=\"wpcf7-form-control-wrap\" data-name=\"your-phone\"><input size=\"40\" maxlength=\"400\" class=\"wpcf7-form-control wpcf7-tel wpcf7-text wpcf7-validates-as-tel\" aria-invalid=\"false\" value=\"\" type=\"tel\" name=\"your-phone\" \/><\/span><\/label>\n<\/p>\n<p class=\"form-row form-row-wide px-1 flex-column\">\n<label>Sujeto<\/label><span class=\"wpcf7-form-control-wrap\" data-name=\"your-subject\"><input size=\"40\" maxlength=\"400\" class=\"wpcf7-form-control wpcf7-text wpcf7-validates-as-required\" aria-required=\"true\" aria-invalid=\"false\" value=\"\" type=\"text\" name=\"your-subject\" \/><\/span> <\/label>\n<\/p>\n<p class=\"form-row form-row-wide px-1 flex-column\">\n<label>Mensaje<\/label><span class=\"wpcf7-form-control-wrap\" data-name=\"your-message\"><textarea cols=\"40\" rows=\"4\" maxlength=\"2000\" class=\"wpcf7-form-control wpcf7-textarea wpcf7-validates-as-required\" aria-required=\"true\" aria-invalid=\"false\" name=\"your-message\"><\/textarea><\/span>\n<\/p>\n<div class=\"wpcf7-response-output\" aria-hidden=\"true\"><\/div>\n<p class=\"form-row form-row-wide px-1 flex-column mb-0\">\n<input class=\"wpcf7-form-control wpcf7-submit has-spinner\" type=\"submit\" value=\"Entregar\" \/>\n<\/p>\n<input type=\"hidden\" name=\"trp-form-language\" value=\"es\"\/><\/form>\n<\/div>\n<\/div><\/div><\/div><\/div><div class=\"pl-md-5 pt-5 vc_column_container col-md-6\"><div class=\"wpb_wrapper vc_column-inner\"><h3  class=\"vc_custom_heading vc_do_custom_heading mb-2 wpb_custom_aa365bd5046e8294520b4e73732b9d15 align-left\" >M\u00e1s sobre nosotros.<\/h3><p  class=\"vc_custom_heading vc_do_custom_heading mb-4 wpb_custom_aa365bd5046e8294520b4e73732b9d15 align-left\" >\u00a1Nos encantar\u00eda saber de ti! Ya sea que tengas una pregunta, quieras hacer una reserva o simplemente saludar, nuestro equipo est\u00e1 aqu\u00ed para ayudarte.<\/p><div class=\"porto-u-icons\"><a class=\"porto-icon Simple-Line-Icons-social-instagram advanced\" style=\"color:var(--porto-secondary-color);width:32px;height:32px;line-height:32px;border-radius:500px;font-size:18px;margin-right:30px;\" href=\"https:\/\/www.instagram.com\/molocacoffeebrunch\/\" target=\"_blank\" rel=\"noopener\"><\/a><a class=\"porto-icon Simple-Line-Icons-music-tone advanced\" style=\"color:var(--porto-secondary-color);width:32px;height:32px;line-height:32px;border-radius:500px;font-size:18px;margin-right:30px;\" href=\"https:\/\/www.tiktok.com\/@molocacoffeebrunch\" target=\"_blank\" rel=\"noopener\"><\/a><\/div><div class=\"porto-separator   my-4\"><hr class=\"separator-line  wpb_content_element align_center solid\" style=\"background-color:#e8e8e8;\"><\/div><a aria-label=\"Ll\u00e1manos\" class=\"porto-sicon-box-link\" href=\"tel:682238879\"><div class=\"porto-sicon-box  wpb_custom_db940ef9de9b7e98b8cf1df5c07bcc7e style_1 left-icon\"><div class=\"porto-sicon-left\"><div class=\"porto-just-icon-wrapper porto-icon none\" style=\"color:var(--porto-secondary-color);font-size:34px;\"><i class=\"Simple-Line-Icons-call-out\"><\/i><\/div><\/div><div class=\"porto-sicon-body\"><div class=\"porto-sicon-header\" style=\"margin-bottom:10px;\"><h3 class=\"porto-sicon-title\" style=\"color:var(--porto-secondary-color);margin-top:0px;margin-bottom:0px;\">Ll\u00e1manos<\/h3><p style=\"color:var(--porto-primary-color);\">682238879<\/p><\/div> <!-- header --><div class=\"porto-sicon-description\" style=\"color:var(--porto-quaternary-color);\">Horario de apertura: Lun \u2013 Dom: 07:00 \u2013 17:00<\/div> <!-- description --><\/div><\/div><!-- porto-sicon-box --><\/a><div class=\"porto-separator   my-4\"><hr class=\"separator-line  wpb_content_element align_center solid\" style=\"background-color:#e8e8e8;\"><\/div><a aria-label=\"Env\u00edanos un correo electr\u00f3nico\" class=\"porto-sicon-box-link\" href=\"#\"><div class=\"porto-sicon-box  wpb_custom_db940ef9de9b7e98b8cf1df5c07bcc7e style_1 left-icon\"><div class=\"porto-sicon-left\"><div class=\"porto-just-icon-wrapper porto-icon none\" style=\"color:var(--porto-secondary-color);font-size:34px;\"><i class=\"Simple-Line-Icons-envelope\"><\/i><\/div><\/div><div class=\"porto-sicon-body\"><div class=\"porto-sicon-header\" style=\"margin-bottom:10px;\"><h3 class=\"porto-sicon-title\" style=\"color:var(--porto-secondary-color);margin-top:0px;margin-bottom:0px;\">Env\u00edanos un correo electr\u00f3nico<\/h3><p style=\"color:var(--porto-primary-color);\">office@molocacoffeebrunch.com<\/p><\/div> <!-- header --><div class=\"porto-sicon-description\" style=\"color:var(--porto-quaternary-color);\">Generalmente respondemos en 6 a 12 horas.<\/div> <!-- description --><\/div><\/div><!-- porto-sicon-box --><\/a><div class=\"porto-separator   my-4\"><hr class=\"separator-line  wpb_content_element align_center solid\" style=\"background-color:#e8e8e8;\"><\/div><a aria-label=\"Vis\u00edtanos\" class=\"porto-sicon-box-link\" href=\"https:\/\/www.google.com\/maps\/dir\/\/C.+Charfa,+24,+38679+Adeje,+Santa+Cruz+de+Tenerife,+Spania\/@28.11954,-16.8220182,12z\/data=!4m8!4m7!1m0!1m5!1m1!1s0xc6a91003ccbda81:0x8aae64402e9f0aa8!2m2!1d-16.7396168!2d28.1195646?entry=ttu&#038;g_ep=EgoyMDI1MDUxNS4wIKXMDSoASAFQAw%3D%3D\" target=\"_blank\" rel=\"noopener\"><div class=\"porto-sicon-box  wpb_custom_db940ef9de9b7e98b8cf1df5c07bcc7e style_1 left-icon\"><div class=\"porto-sicon-left\"><div class=\"porto-just-icon-wrapper porto-icon none\" style=\"color:var(--porto-secondary-color);font-size:34px;\"><i class=\"Simple-Line-Icons-location-pin\"><\/i><\/div><\/div><div class=\"porto-sicon-body\"><div class=\"porto-sicon-header\" style=\"margin-bottom:10px;\"><h3 class=\"porto-sicon-title\" style=\"color:var(--porto-secondary-color);margin-top:0px;margin-bottom:0px;\">Vis\u00edtanos<\/h3><p style=\"color:var(--porto-primary-color);\">Calle Charfa, N 24, Centro Comercial Ferrari Design Center, Local 10<\/p><\/div> <!-- header --><div class=\"porto-sicon-description\" style=\"color:var(--porto-quaternary-color);\"><a href=\"https:\/\/www.google.com\/maps\/dir\/\/C.+Charfa,+24,+38679+Adeje,+Santa+Cruz+de+Tenerife,+Spania\/@28.11954,-16.8220182,12z\/data=!4m8!4m7!1m0!1m5!1m1!1s0xc6a91003ccbda81:0x8aae64402e9f0aa8!2m2!1d-16.7396168!2d28.1195646?entry=ttu&amp;g_ep=EgoyMDI1MDUxNS4wIKXMDSoASAFQAw%3D%3D\" target=\"_blank\" rel=\"noopener\"><span style=\"text-decoration: underline;\">Haga clic para mostrar direcciones en la aplicaci\u00f3n Maps.<\/span><\/a> Horario de apertura: Lun \u2013 Dom: 07:00 \u2013 17:00<\/div> <!-- description --><\/div><\/div><!-- porto-sicon-box --><\/a><\/div><\/div><\/div><\/div><\/div><\/section>\n<\/div>","protected":false},"excerpt":{"rendered":"Get in Touch with Moloca Coffee & BrunchWe\u2019d love to hear from you! Whether you have a question just feel like saying hello, our team is here to help.Get in touch with usSend us a quick message using the form below. Your name Your email Phone Subject Message More about us.We\u2019d love to hear from [...]","protected":false},"author":1,"featured_media":0,"parent":0,"menu_order":0,"comment_status":"closed","ping_status":"closed","template":"","meta":{"footnotes":""},"class_list":["post-387","page","type-page","status-publish","hentry"],"_links":{"self":[{"href":"https:\/\/molocacoffeebrunch.com\/es\/wp-json\/wp\/v2\/pages\/387","targetHints":{"allow":["GET"]}}],"collection":[{"href":"https:\/\/molocacoffeebrunch.com\/es\/wp-json\/wp\/v2\/pages"}],"about":[{"href":"https:\/\/molocacoffeebrunch.com\/es\/wp-json\/wp\/v2\/types\/page"}],"author":[{"embeddable":true,"href":"https:\/\/molocacoffeebrunch.com\/es\/wp-json\/wp\/v2\/users\/1"}],"replies":[{"embeddable":true,"href":"https:\/\/molocacoffeebrunch.com\/es\/wp-json\/wp\/v2\/comments?post=387"}],"version-history":[{"count":41,"href":"https:\/\/molocacoffeebrunch.com\/es\/wp-json\/wp\/v2\/pages\/387\/revisions"}],"predecessor-version":[{"id":661,"href":"https:\/\/molocacoffeebrunch.com\/es\/wp-json\/wp\/v2\/pages\/387\/revisions\/661"}],"wp:attachment":[{"href":"https:\/\/molocacoffeebrunch.com\/es\/wp-json\/wp\/v2\/media?parent=387"}],"curies":[{"name":"wp","href":"https:\/\/api.w.org\/{rel}","templated":true}]}}